{"id":447,"date":"2024-04-16T09:34:55","date_gmt":"2024-04-16T09:34:55","guid":{"rendered":"https:\/\/dev-unbaa.justdo-it.at\/?page_id=447"},"modified":"2025-12-05T10:24:03","modified_gmt":"2025-12-05T10:24:03","slug":"home-copy","status":"publish","type":"page","link":"https:\/\/www.elegant-kalam.194-182-172-241.plesk.page\/","title":{"rendered":"Home &#8211; Copy"},"content":{"rendered":"\t\t<div data-elementor-type=\"wp-page\" data-elementor-id=\"447\" class=\"elementor elementor-447\" data-elementor-post-type=\"page\">\n\t\t\t\t<div class=\"elementor-element elementor-element-762dfa7 e-con-full e-flex e-con e-parent\" data-id=\"762dfa7\" data-element_type=\"container\" data-e-type=\"container\" data-settings=\"{&quot;background_background&quot;:&quot;classic&quot;,&quot;background_motion_fx_motion_fx_scrolling&quot;:&quot;yes&quot;,&quot;background_motion_fx_translateY_effect&quot;:&quot;yes&quot;,&quot;background_motion_fx_translateY_speed&quot;:{&quot;unit&quot;:&quot;px&quot;,&quot;size&quot;:4,&quot;sizes&quot;:[]},&quot;background_motion_fx_translateY_affectedRange&quot;:{&quot;unit&quot;:&quot;%&quot;,&quot;size&quot;:&quot;&quot;,&quot;sizes&quot;:{&quot;start&quot;:0,&quot;end&quot;:100}},&quot;background_motion_fx_devices&quot;:[&quot;desktop&quot;,&quot;tablet&quot;,&quot;mobile&quot;]}\">\n\t\t\t\t<div class=\"elementor-element elementor-element-0e18ad8 elementor-widget elementor-widget-heading\" data-id=\"0e18ad8\" data-element_type=\"widget\" data-e-type=\"widget\" data-widget_type=\"heading.default\">\n\t\t\t\t<div class=\"elementor-widget-container\">\n\t\t\t\t\t<h1 class=\"elementor-heading-title elementor-size-default\">Nachhaltige Naturtextilien Unbaa<\/h1>\t\t\t\t<\/div>\n\t\t\t\t<\/div>\n\t\t\t\t<\/div>\n\t\t<div class=\"elementor-element elementor-element-b0950fc e-flex e-con-boxed e-con e-parent\" data-id=\"b0950fc\" data-element_type=\"container\" data-e-type=\"container\" data-settings=\"{&quot;background_background&quot;:&quot;classic&quot;}\">\n\t\t\t\t\t<div class=\"e-con-inner\">\n\t\t\t\t<div class=\"elementor-element elementor-element-9c82edf elementor-widget elementor-widget-heading\" data-id=\"9c82edf\" data-element_type=\"widget\" data-e-type=\"widget\" data-widget_type=\"heading.default\">\n\t\t\t\t<div class=\"elementor-widget-container\">\n\t\t\t\t\t<h2 class=\"elementor-heading-title elementor-size-default\">Unsere Wollarten<\/h2>\t\t\t\t<\/div>\n\t\t\t\t<\/div>\n\t\t\t\t\t<\/div>\n\t\t\t\t<\/div>\n\t\t<div class=\"elementor-element elementor-element-84694ab e-grid e-con-boxed e-con e-parent\" data-id=\"84694ab\" data-element_type=\"container\" data-e-type=\"container\" data-settings=\"{&quot;background_background&quot;:&quot;classic&quot;}\">\n\t\t\t\t\t<div class=\"e-con-inner\">\n\t\t<div class=\"elementor-element elementor-element-c35ef75 e-con-full e-flex e-con e-child\" data-id=\"c35ef75\" data-element_type=\"container\" data-e-type=\"container\">\n\t\t\t\t<div class=\"elementor-element elementor-element-240c375 elementor-widget elementor-widget-heading\" data-id=\"240c375\" data-element_type=\"widget\" data-e-type=\"widget\" data-widget_type=\"heading.default\">\n\t\t\t\t<div class=\"elementor-widget-container\">\n\t\t\t\t\t<h3 class=\"elementor-heading-title elementor-size-default\">Yakwolle<\/h3>\t\t\t\t<\/div>\n\t\t\t\t<\/div>\n\t\t\t\t<div class=\"elementor-element elementor-element-a747dc8 elementor-widget elementor-widget-text-editor\" data-id=\"a747dc8\" data-element_type=\"widget\" data-e-type=\"widget\" data-widget_type=\"text-editor.default\">\n\t\t\t\t<div class=\"elementor-widget-container\">\n\t\t\t\t\t\t\t\t\t<p>Bei der Yak Wolle sind die Fasern mit 16 bis 18 Mikron \u00e4u\u00dferst fein. Besonders das Unterhaar der Jungtiere steht f\u00fcr maximale Qualit\u00e4t und damit angenehmen und weichen Tragekomfort.<\/p>\t\t\t\t\t\t\t\t<\/div>\n\t\t\t\t<\/div>\n\t\t\t\t<\/div>\n\t\t<div class=\"elementor-element elementor-element-2f7998e e-con-full e-flex e-con e-child\" data-id=\"2f7998e\" data-element_type=\"container\" data-e-type=\"container\">\n\t\t\t\t<div class=\"elementor-element elementor-element-4b5e96e elementor-widget elementor-widget-heading\" data-id=\"4b5e96e\" data-element_type=\"widget\" data-e-type=\"widget\" data-widget_type=\"heading.default\">\n\t\t\t\t<div class=\"elementor-widget-container\">\n\t\t\t\t\t<h3 class=\"elementor-heading-title elementor-size-default\">Kamelwolle\n<\/h3>\t\t\t\t<\/div>\n\t\t\t\t<\/div>\n\t\t\t\t<div class=\"elementor-element elementor-element-6dd7a61 elementor-widget elementor-widget-text-editor\" data-id=\"6dd7a61\" data-element_type=\"widget\" data-e-type=\"widget\" data-widget_type=\"text-editor.default\">\n\t\t\t\t<div class=\"elementor-widget-container\">\n\t\t\t\t\t\t\t\t\t<p>Zweih\u00f6ckrige mongolische Kamele oder Trampeltiere verbreitet von der W\u00fcste Gobi bis zum hohen Altai Gebirge. Das Haar und die Wolle nehmen bis zu 40% Feuchtigkeit auf und sch\u00fctzt obendrein vor K\u00e4lte.<\/p>\t\t\t\t\t\t\t\t<\/div>\n\t\t\t\t<\/div>\n\t\t\t\t<\/div>\n\t\t<div class=\"elementor-element elementor-element-c9307a5 e-con-full e-flex e-con e-child\" data-id=\"c9307a5\" data-element_type=\"container\" data-e-type=\"container\">\n\t\t\t\t<div class=\"elementor-element elementor-element-866ad5e elementor-widget elementor-widget-heading\" data-id=\"866ad5e\" data-element_type=\"widget\" data-e-type=\"widget\" data-widget_type=\"heading.default\">\n\t\t\t\t<div class=\"elementor-widget-container\">\n\t\t\t\t\t<h3 class=\"elementor-heading-title elementor-size-default\">Cashmere<\/h3>\t\t\t\t<\/div>\n\t\t\t\t<\/div>\n\t\t\t\t<div class=\"elementor-element elementor-element-5bc79da elementor-widget elementor-widget-text-editor\" data-id=\"5bc79da\" data-element_type=\"widget\" data-e-type=\"widget\" data-widget_type=\"text-editor.default\">\n\t\t\t\t<div class=\"elementor-widget-container\">\n\t\t\t\t\t\t\t\t\t<p>Seit ungef\u00e4hr 1000 v.Chr wird Kaschmirwolle handwerklich zu hochwertigen Textilien verarbeitet. Die mongolische Kaschmirwolle z\u00e4hlt eine der l\u00e4ngsten und feinsten und damit auch die teuerste Wolle.<\/p>\t\t\t\t\t\t\t\t<\/div>\n\t\t\t\t<\/div>\n\t\t\t\t<\/div>\n\t\t<div class=\"elementor-element elementor-element-97c11b0 e-con-full e-flex e-con e-child\" data-id=\"97c11b0\" data-element_type=\"container\" data-e-type=\"container\">\n\t\t\t\t<div class=\"elementor-element elementor-element-7fc043f elementor-widget elementor-widget-heading\" data-id=\"7fc043f\" data-element_type=\"widget\" data-e-type=\"widget\" data-widget_type=\"heading.default\">\n\t\t\t\t<div class=\"elementor-widget-container\">\n\t\t\t\t\t<h3 class=\"elementor-heading-title elementor-size-default\">Filz\n<br><\/h3>\t\t\t\t<\/div>\n\t\t\t\t<\/div>\n\t\t\t\t<div class=\"elementor-element elementor-element-2480519 elementor-widget elementor-widget-text-editor\" data-id=\"2480519\" data-element_type=\"widget\" data-e-type=\"widget\" data-widget_type=\"text-editor.default\">\n\t\t\t\t<div class=\"elementor-widget-container\">\n\t\t\t\t\t\t\t\t\tDie Nomaden leben seit Jahrtausenden in Jurten. Viele allt\u00e4gliche Accessoires und Heimtextilien sowie Schuhe und Bekleidung werden aus Filz hergestellt.\t\t\t\t\t\t\t\t<\/div>\n\t\t\t\t<\/div>\n\t\t\t\t<\/div>\n\t\t\t\t\t<\/div>\n\t\t\t\t<\/div>\n\t\t<div class=\"elementor-element elementor-element-3c596e7 e-flex e-con-boxed e-con e-parent\" data-id=\"3c596e7\" data-element_type=\"container\" data-e-type=\"container\" data-settings=\"{&quot;background_background&quot;:&quot;classic&quot;}\">\n\t\t\t\t\t<div class=\"e-con-inner\">\n\t\t\t\t<div class=\"elementor-element elementor-element-5a021d1 elementor-align-center elementor-widget elementor-widget-button\" data-id=\"5a021d1\" data-element_type=\"widget\" data-e-type=\"widget\" data-widget_type=\"button.default\">\n\t\t\t\t<div class=\"elementor-widget-container\">\n\t\t\t\t\t\t\t\t\t<div class=\"elementor-button-wrapper\">\n\t\t\t\t\t<a class=\"elementor-button elementor-button-link elementor-size-sm\" href=\"https:\/\/www.elegant-kalam.194-182-172-241.plesk.page\/?page_id=574\">\n\t\t\t\t\t\t<span class=\"elementor-button-content-wrapper\">\n\t\t\t\t\t\t\t\t\t<span class=\"elementor-button-text\">Mehr zu unseren Wollarten<\/span>\n\t\t\t\t\t<\/span>\n\t\t\t\t\t<\/a>\n\t\t\t\t<\/div>\n\t\t\t\t\t\t\t\t<\/div>\n\t\t\t\t<\/div>\n\t\t\t\t\t<\/div>\n\t\t\t\t<\/div>\n\t\t<div class=\"elementor-element elementor-element-2db1590 e-grid e-con-boxed e-con e-parent\" data-id=\"2db1590\" data-element_type=\"container\" data-e-type=\"container\">\n\t\t\t\t\t<div class=\"e-con-inner\">\n\t\t<div class=\"elementor-element elementor-element-785b55e e-con-full e-flex e-con e-child\" data-id=\"785b55e\" data-element_type=\"container\" data-e-type=\"container\" data-settings=\"{&quot;background_background&quot;:&quot;classic&quot;}\">\n\t\t\t\t<div class=\"elementor-element elementor-element-9557374 elementor-widget elementor-widget-heading\" data-id=\"9557374\" data-element_type=\"widget\" data-e-type=\"widget\" data-widget_type=\"heading.default\">\n\t\t\t\t<div class=\"elementor-widget-container\">\n\t\t\t\t\t<h2 class=\"elementor-heading-title elementor-size-default\">Mongolische Teppiche<\/h2>\t\t\t\t<\/div>\n\t\t\t\t<\/div>\n\t\t\t\t<div class=\"elementor-element elementor-element-3189632 elementor-widget elementor-widget-text-editor\" data-id=\"3189632\" data-element_type=\"widget\" data-e-type=\"widget\" data-widget_type=\"text-editor.default\">\n\t\t\t\t<div class=\"elementor-widget-container\">\n\t\t\t\t\t\t\t\t\t<p>Teppiche sind untrennbar mit dem Nomadentum verbunden. \u00c4lteste bekannte Teppich wurde im Jahr 1947 in Altai Region \/Altai Gebirge streckt durch Russland, Kasachstan,Mongolei\/ gefunden. Der Pazyryk\/ Gorni-Altai genannt ist, liegt im Ermitage in St.Petersburg. Filze, Teppiche, Kleidung, allt\u00e4gliche Accessoires werden bis heute aus Wolle hergestellt.<\/p>\t\t\t\t\t\t\t\t<\/div>\n\t\t\t\t<\/div>\n\t\t\t\t<\/div>\n\t\t<div class=\"elementor-element elementor-element-63dba74 e-con-full e-flex e-con e-child\" data-id=\"63dba74\" data-element_type=\"container\" data-e-type=\"container\">\n\t\t\t\t<div class=\"elementor-element elementor-element-78c83dd elementor-widget elementor-widget-image\" data-id=\"78c83dd\" data-element_type=\"widget\" data-e-type=\"widget\" data-widget_type=\"image.default\">\n\t\t\t\t<div class=\"elementor-widget-container\">\n\t\t\t\t\t\t\t\t\t\t\t\t\t\t\t<img fetchpriority=\"high\" decoding=\"async\" width=\"640\" height=\"480\" src=\"https:\/\/www.elegant-kalam.194-182-172-241.plesk.page\/wp-content\/uploads\/2023\/11\/mongolische-wollteppiche.jpg\" class=\"attachment-full size-full wp-image-128\" alt=\"\" srcset=\"https:\/\/www.elegant-kalam.194-182-172-241.plesk.page\/wp-content\/uploads\/2023\/11\/mongolische-wollteppiche.jpg 640w, https:\/\/www.elegant-kalam.194-182-172-241.plesk.page\/wp-content\/uploads\/2023\/11\/mongolische-wollteppiche-600x450.jpg 600w, https:\/\/www.elegant-kalam.194-182-172-241.plesk.page\/wp-content\/uploads\/2023\/11\/mongolische-wollteppiche-300x225.jpg 300w\" sizes=\"(max-width: 640px) 100vw, 640px\" \/>\t\t\t\t\t\t\t\t\t\t\t\t\t\t\t<\/div>\n\t\t\t\t<\/div>\n\t\t\t\t<\/div>\n\t\t\t\t\t<\/div>\n\t\t\t\t<\/div>\n\t\t<div class=\"elementor-element elementor-element-abd0bb9 e-grid e-con-boxed e-con e-parent\" data-id=\"abd0bb9\" data-element_type=\"container\" data-e-type=\"container\">\n\t\t\t\t\t<div class=\"e-con-inner\">\n\t\t<div class=\"elementor-element elementor-element-1f1e662 e-con-full e-flex e-con e-child\" data-id=\"1f1e662\" data-element_type=\"container\" data-e-type=\"container\">\n\t\t\t\t<div class=\"elementor-element elementor-element-66bdff0 elementor-widget elementor-widget-image\" data-id=\"66bdff0\" data-element_type=\"widget\" data-e-type=\"widget\" data-widget_type=\"image.default\">\n\t\t\t\t<div class=\"elementor-widget-container\">\n\t\t\t\t\t\t\t\t\t\t\t\t\t\t\t<img decoding=\"async\" width=\"1920\" height=\"1440\" src=\"https:\/\/www.elegant-kalam.194-182-172-241.plesk.page\/wp-content\/uploads\/2024\/04\/geschaeft-unbaa1-scaled-1.jpg\" class=\"attachment-full size-full wp-image-465\" alt=\"\" srcset=\"https:\/\/www.elegant-kalam.194-182-172-241.plesk.page\/wp-content\/uploads\/2024\/04\/geschaeft-unbaa1-scaled-1.jpg 1920w, https:\/\/www.elegant-kalam.194-182-172-241.plesk.page\/wp-content\/uploads\/2024\/04\/geschaeft-unbaa1-scaled-1-600x450.jpg 600w, https:\/\/www.elegant-kalam.194-182-172-241.plesk.page\/wp-content\/uploads\/2024\/04\/geschaeft-unbaa1-scaled-1-300x225.jpg 300w, https:\/\/www.elegant-kalam.194-182-172-241.plesk.page\/wp-content\/uploads\/2024\/04\/geschaeft-unbaa1-scaled-1-1024x768.jpg 1024w, https:\/\/www.elegant-kalam.194-182-172-241.plesk.page\/wp-content\/uploads\/2024\/04\/geschaeft-unbaa1-scaled-1-768x576.jpg 768w, https:\/\/www.elegant-kalam.194-182-172-241.plesk.page\/wp-content\/uploads\/2024\/04\/geschaeft-unbaa1-scaled-1-1536x1152.jpg 1536w\" sizes=\"(max-width: 1920px) 100vw, 1920px\" \/>\t\t\t\t\t\t\t\t\t\t\t\t\t\t\t<\/div>\n\t\t\t\t<\/div>\n\t\t\t\t<\/div>\n\t\t<div class=\"elementor-element elementor-element-497294a e-con-full e-flex e-con e-child\" data-id=\"497294a\" data-element_type=\"container\" data-e-type=\"container\" data-settings=\"{&quot;background_background&quot;:&quot;classic&quot;}\">\n\t\t\t\t<div class=\"elementor-element elementor-element-2b13923 elementor-widget elementor-widget-heading\" data-id=\"2b13923\" data-element_type=\"widget\" data-e-type=\"widget\" data-widget_type=\"heading.default\">\n\t\t\t\t<div class=\"elementor-widget-container\">\n\t\t\t\t\t<h2 class=\"elementor-heading-title elementor-size-default\">Heimtextilien<\/h2>\t\t\t\t<\/div>\n\t\t\t\t<\/div>\n\t\t\t\t<div class=\"elementor-element elementor-element-fb9eb68 elementor-widget elementor-widget-text-editor\" data-id=\"fb9eb68\" data-element_type=\"widget\" data-e-type=\"widget\" data-widget_type=\"text-editor.default\">\n\t\t\t\t<div class=\"elementor-widget-container\">\n\t\t\t\t\t\t\t\t\t<p>Alle unsere Heimtextilien sind Nachhaltige-Naturprodukte aus verschiedenen edlen Wollarten.<\/p>\t\t\t\t\t\t\t\t<\/div>\n\t\t\t\t<\/div>\n\t\t\t\t<div class=\"elementor-element elementor-element-93cc380 elementor-widget elementor-widget-button\" data-id=\"93cc380\" data-element_type=\"widget\" data-e-type=\"widget\" data-widget_type=\"button.default\">\n\t\t\t\t<div class=\"elementor-widget-container\">\n\t\t\t\t\t\t\t\t\t<div class=\"elementor-button-wrapper\">\n\t\t\t\t\t<a class=\"elementor-button elementor-button-link elementor-size-sm\" href=\"https:\/\/www.elegant-kalam.194-182-172-241.plesk.page\/?page_id=575\">\n\t\t\t\t\t\t<span class=\"elementor-button-content-wrapper\">\n\t\t\t\t\t\t\t\t\t<span class=\"elementor-button-text\">Mehr zu Wolleigenschaften<\/span>\n\t\t\t\t\t<\/span>\n\t\t\t\t\t<\/a>\n\t\t\t\t<\/div>\n\t\t\t\t\t\t\t\t<\/div>\n\t\t\t\t<\/div>\n\t\t\t\t<\/div>\n\t\t\t\t\t<\/div>\n\t\t\t\t<\/div>\n\t\t\t\t<\/div>\n\t\t","protected":false},"excerpt":{"rendered":"<p>Nachhaltige Naturtextilien Unbaa Unsere Wollarten Yakwolle Bei der Yak Wolle sind die Fasern mit 16 bis 18 Mikron \u00e4u\u00dferst fein. Besonders das Unterhaar der Jungtiere steht f\u00fcr maximale Qualit\u00e4t und damit angenehmen und weichen Tragekomfort. Kamelwolle Zweih\u00f6ckrige mongolische Kamele oder Trampeltiere verbreitet von der W\u00fcste Gobi bis zum hohen Altai Gebirge. Das Haar und die [&hellip;]<\/p>\n","protected":false},"author":2,"featured_media":0,"parent":0,"menu_order":0,"comment_status":"closed","ping_status":"closed","template":"","meta":{"footnotes":""},"class_list":["post-447","page","type-page","status-publish","hentry"],"yoast_head":"<!-- This site is optimized with the Yoast SEO plugin v27.4 - https:\/\/yoast.com\/product\/yoast-seo-wordpress\/ -->\n<title>Nachhaltige Naturtextilien Unbaa<\/title>\n<meta name=\"description\" content=\"Unbaa bietet nachhaltige Naturtextilien aus edler mongolischer Wolle: Cashmere, Kamelhaar, Schafwolle &amp; Filz. Heimtextilien &amp; Teppiche mit Tradition &amp; Qualit\u00e4t.\" \/>\n<meta name=\"robots\" content=\"noindex, follow, max-snippet:-1, max-image-preview:large, max-video-preview:-1\" \/>\n<meta property=\"og:locale\" content=\"de_DE\" \/>\n<meta property=\"og:type\" content=\"article\" \/>\n<meta property=\"og:title\" content=\"Nachhaltige Naturtextilien Unbaa\" \/>\n<meta property=\"og:description\" content=\"Unbaa bietet nachhaltige Naturtextilien aus edler mongolischer Wolle: Cashmere, Kamelhaar, Schafwolle &amp; Filz. Heimtextilien &amp; Teppiche mit Tradition &amp; Qualit\u00e4t.\" \/>\n<meta property=\"og:url\" content=\"https:\/\/www.elegant-kalam.194-182-172-241.plesk.page\/\" \/>\n<meta property=\"og:site_name\" content=\"Nachhaltige Naturtextilien Unbaa\" \/>\n<meta property=\"article:modified_time\" content=\"2025-12-05T10:24:03+00:00\" \/>\n<meta property=\"og:image\" content=\"https:\/\/www.elegant-kalam.194-182-172-241.plesk.page\/wp-content\/uploads\/2023\/11\/mongolische-wollteppiche.jpg\" \/>\n\t<meta property=\"og:image:width\" content=\"640\" \/>\n\t<meta property=\"og:image:height\" content=\"480\" \/>\n\t<meta property=\"og:image:type\" content=\"image\/jpeg\" \/>\n<meta name=\"twitter:card\" content=\"summary_large_image\" \/>\n<meta name=\"twitter:label1\" content=\"Gesch\u00e4tzte Lesezeit\" \/>\n\t<meta name=\"twitter:data1\" content=\"2\u00a0Minuten\" \/>\n<script type=\"application\/ld+json\" class=\"yoast-schema-graph\">{\"@context\":\"https:\\\/\\\/schema.org\",\"@graph\":[{\"@type\":\"WebPage\",\"@id\":\"https:\\\/\\\/www.elegant-kalam.194-182-172-241.plesk.page\\\/\",\"url\":\"https:\\\/\\\/www.elegant-kalam.194-182-172-241.plesk.page\\\/\",\"name\":\"Nachhaltige Naturtextilien Unbaa\",\"isPartOf\":{\"@id\":\"https:\\\/\\\/www.elegant-kalam.194-182-172-241.plesk.page\\\/#website\"},\"primaryImageOfPage\":{\"@id\":\"https:\\\/\\\/www.elegant-kalam.194-182-172-241.plesk.page\\\/#primaryimage\"},\"image\":{\"@id\":\"https:\\\/\\\/www.elegant-kalam.194-182-172-241.plesk.page\\\/#primaryimage\"},\"thumbnailUrl\":\"https:\\\/\\\/www.elegant-kalam.194-182-172-241.plesk.page\\\/wp-content\\\/uploads\\\/2023\\\/11\\\/mongolische-wollteppiche.jpg\",\"datePublished\":\"2024-04-16T09:34:55+00:00\",\"dateModified\":\"2025-12-05T10:24:03+00:00\",\"description\":\"Unbaa bietet nachhaltige Naturtextilien aus edler mongolischer Wolle: Cashmere, Kamelhaar, Schafwolle & Filz. Heimtextilien & Teppiche mit Tradition & Qualit\u00e4t.\",\"breadcrumb\":{\"@id\":\"https:\\\/\\\/www.elegant-kalam.194-182-172-241.plesk.page\\\/#breadcrumb\"},\"inLanguage\":\"de\",\"potentialAction\":[{\"@type\":\"ReadAction\",\"target\":[\"https:\\\/\\\/www.elegant-kalam.194-182-172-241.plesk.page\\\/\"]}]},{\"@type\":\"ImageObject\",\"inLanguage\":\"de\",\"@id\":\"https:\\\/\\\/www.elegant-kalam.194-182-172-241.plesk.page\\\/#primaryimage\",\"url\":\"https:\\\/\\\/www.elegant-kalam.194-182-172-241.plesk.page\\\/wp-content\\\/uploads\\\/2023\\\/11\\\/mongolische-wollteppiche.jpg\",\"contentUrl\":\"https:\\\/\\\/www.elegant-kalam.194-182-172-241.plesk.page\\\/wp-content\\\/uploads\\\/2023\\\/11\\\/mongolische-wollteppiche.jpg\",\"width\":640,\"height\":480},{\"@type\":\"BreadcrumbList\",\"@id\":\"https:\\\/\\\/www.elegant-kalam.194-182-172-241.plesk.page\\\/#breadcrumb\",\"itemListElement\":[{\"@type\":\"ListItem\",\"position\":1,\"name\":\"Startseite\",\"item\":\"https:\\\/\\\/www.elegant-kalam.194-182-172-241.plesk.page\\\/\"},{\"@type\":\"ListItem\",\"position\":2,\"name\":\"Home &#8211; Copy\"}]},{\"@type\":\"WebSite\",\"@id\":\"https:\\\/\\\/www.elegant-kalam.194-182-172-241.plesk.page\\\/#website\",\"url\":\"https:\\\/\\\/www.elegant-kalam.194-182-172-241.plesk.page\\\/\",\"name\":\"Nachhaltige Naturtextilien Unbaa\",\"description\":\"Nachhaltige Naturtextilien\",\"publisher\":{\"@id\":\"https:\\\/\\\/www.elegant-kalam.194-182-172-241.plesk.page\\\/#organization\"},\"potentialAction\":[{\"@type\":\"SearchAction\",\"target\":{\"@type\":\"EntryPoint\",\"urlTemplate\":\"https:\\\/\\\/www.elegant-kalam.194-182-172-241.plesk.page\\\/?s={search_term_string}\"},\"query-input\":{\"@type\":\"PropertyValueSpecification\",\"valueRequired\":true,\"valueName\":\"search_term_string\"}}],\"inLanguage\":\"de\"},{\"@type\":\"Organization\",\"@id\":\"https:\\\/\\\/www.elegant-kalam.194-182-172-241.plesk.page\\\/#organization\",\"name\":\"Nachhaltige Naturtextilien Unbaa\",\"url\":\"https:\\\/\\\/www.elegant-kalam.194-182-172-241.plesk.page\\\/\",\"logo\":{\"@type\":\"ImageObject\",\"inLanguage\":\"de\",\"@id\":\"https:\\\/\\\/www.elegant-kalam.194-182-172-241.plesk.page\\\/#\\\/schema\\\/logo\\\/image\\\/\",\"url\":\"https:\\\/\\\/www.elegant-kalam.194-182-172-241.plesk.page\\\/wp-content\\\/uploads\\\/2023\\\/11\\\/weltmuseium_unbaa2.jpg\",\"contentUrl\":\"https:\\\/\\\/www.elegant-kalam.194-182-172-241.plesk.page\\\/wp-content\\\/uploads\\\/2023\\\/11\\\/weltmuseium_unbaa2.jpg\",\"width\":114,\"height\":114,\"caption\":\"Nachhaltige Naturtextilien Unbaa\"},\"image\":{\"@id\":\"https:\\\/\\\/www.elegant-kalam.194-182-172-241.plesk.page\\\/#\\\/schema\\\/logo\\\/image\\\/\"}}]}<\/script>\n<!-- \/ Yoast SEO plugin. -->","yoast_head_json":{"title":"Nachhaltige Naturtextilien Unbaa","description":"Unbaa bietet nachhaltige Naturtextilien aus edler mongolischer Wolle: Cashmere, Kamelhaar, Schafwolle & Filz. Heimtextilien & Teppiche mit Tradition & Qualit\u00e4t.","robots":{"index":"noindex","follow":"follow","max-snippet":"max-snippet:-1","max-image-preview":"max-image-preview:large","max-video-preview":"max-video-preview:-1"},"og_locale":"de_DE","og_type":"article","og_title":"Nachhaltige Naturtextilien Unbaa","og_description":"Unbaa bietet nachhaltige Naturtextilien aus edler mongolischer Wolle: Cashmere, Kamelhaar, Schafwolle & Filz. Heimtextilien & Teppiche mit Tradition & Qualit\u00e4t.","og_url":"https:\/\/www.elegant-kalam.194-182-172-241.plesk.page\/","og_site_name":"Nachhaltige Naturtextilien Unbaa","article_modified_time":"2025-12-05T10:24:03+00:00","og_image":[{"width":640,"height":480,"url":"https:\/\/www.elegant-kalam.194-182-172-241.plesk.page\/wp-content\/uploads\/2023\/11\/mongolische-wollteppiche.jpg","type":"image\/jpeg"}],"twitter_card":"summary_large_image","twitter_misc":{"Gesch\u00e4tzte Lesezeit":"2\u00a0Minuten"},"schema":{"@context":"https:\/\/schema.org","@graph":[{"@type":"WebPage","@id":"https:\/\/www.elegant-kalam.194-182-172-241.plesk.page\/","url":"https:\/\/www.elegant-kalam.194-182-172-241.plesk.page\/","name":"Nachhaltige Naturtextilien Unbaa","isPartOf":{"@id":"https:\/\/www.elegant-kalam.194-182-172-241.plesk.page\/#website"},"primaryImageOfPage":{"@id":"https:\/\/www.elegant-kalam.194-182-172-241.plesk.page\/#primaryimage"},"image":{"@id":"https:\/\/www.elegant-kalam.194-182-172-241.plesk.page\/#primaryimage"},"thumbnailUrl":"https:\/\/www.elegant-kalam.194-182-172-241.plesk.page\/wp-content\/uploads\/2023\/11\/mongolische-wollteppiche.jpg","datePublished":"2024-04-16T09:34:55+00:00","dateModified":"2025-12-05T10:24:03+00:00","description":"Unbaa bietet nachhaltige Naturtextilien aus edler mongolischer Wolle: Cashmere, Kamelhaar, Schafwolle & Filz. Heimtextilien & Teppiche mit Tradition & Qualit\u00e4t.","breadcrumb":{"@id":"https:\/\/www.elegant-kalam.194-182-172-241.plesk.page\/#breadcrumb"},"inLanguage":"de","potentialAction":[{"@type":"ReadAction","target":["https:\/\/www.elegant-kalam.194-182-172-241.plesk.page\/"]}]},{"@type":"ImageObject","inLanguage":"de","@id":"https:\/\/www.elegant-kalam.194-182-172-241.plesk.page\/#primaryimage","url":"https:\/\/www.elegant-kalam.194-182-172-241.plesk.page\/wp-content\/uploads\/2023\/11\/mongolische-wollteppiche.jpg","contentUrl":"https:\/\/www.elegant-kalam.194-182-172-241.plesk.page\/wp-content\/uploads\/2023\/11\/mongolische-wollteppiche.jpg","width":640,"height":480},{"@type":"BreadcrumbList","@id":"https:\/\/www.elegant-kalam.194-182-172-241.plesk.page\/#breadcrumb","itemListElement":[{"@type":"ListItem","position":1,"name":"Startseite","item":"https:\/\/www.elegant-kalam.194-182-172-241.plesk.page\/"},{"@type":"ListItem","position":2,"name":"Home &#8211; Copy"}]},{"@type":"WebSite","@id":"https:\/\/www.elegant-kalam.194-182-172-241.plesk.page\/#website","url":"https:\/\/www.elegant-kalam.194-182-172-241.plesk.page\/","name":"Nachhaltige Naturtextilien Unbaa","description":"Nachhaltige Naturtextilien","publisher":{"@id":"https:\/\/www.elegant-kalam.194-182-172-241.plesk.page\/#organization"},"potentialAction":[{"@type":"SearchAction","target":{"@type":"EntryPoint","urlTemplate":"https:\/\/www.elegant-kalam.194-182-172-241.plesk.page\/?s={search_term_string}"},"query-input":{"@type":"PropertyValueSpecification","valueRequired":true,"valueName":"search_term_string"}}],"inLanguage":"de"},{"@type":"Organization","@id":"https:\/\/www.elegant-kalam.194-182-172-241.plesk.page\/#organization","name":"Nachhaltige Naturtextilien Unbaa","url":"https:\/\/www.elegant-kalam.194-182-172-241.plesk.page\/","logo":{"@type":"ImageObject","inLanguage":"de","@id":"https:\/\/www.elegant-kalam.194-182-172-241.plesk.page\/#\/schema\/logo\/image\/","url":"https:\/\/www.elegant-kalam.194-182-172-241.plesk.page\/wp-content\/uploads\/2023\/11\/weltmuseium_unbaa2.jpg","contentUrl":"https:\/\/www.elegant-kalam.194-182-172-241.plesk.page\/wp-content\/uploads\/2023\/11\/weltmuseium_unbaa2.jpg","width":114,"height":114,"caption":"Nachhaltige Naturtextilien Unbaa"},"image":{"@id":"https:\/\/www.elegant-kalam.194-182-172-241.plesk.page\/#\/schema\/logo\/image\/"}}]}},"_links":{"self":[{"href":"https:\/\/www.elegant-kalam.194-182-172-241.plesk.page\/index.php?rest_route=\/wp\/v2\/pages\/447","targetHints":{"allow":["GET"]}}],"collection":[{"href":"https:\/\/www.elegant-kalam.194-182-172-241.plesk.page\/index.php?rest_route=\/wp\/v2\/pages"}],"about":[{"href":"https:\/\/www.elegant-kalam.194-182-172-241.plesk.page\/index.php?rest_route=\/wp\/v2\/types\/page"}],"author":[{"embeddable":true,"href":"https:\/\/www.elegant-kalam.194-182-172-241.plesk.page\/index.php?rest_route=\/wp\/v2\/users\/2"}],"replies":[{"embeddable":true,"href":"https:\/\/www.elegant-kalam.194-182-172-241.plesk.page\/index.php?rest_route=%2Fwp%2Fv2%2Fcomments&post=447"}],"version-history":[{"count":81,"href":"https:\/\/www.elegant-kalam.194-182-172-241.plesk.page\/index.php?rest_route=\/wp\/v2\/pages\/447\/revisions"}],"predecessor-version":[{"id":919,"href":"https:\/\/www.elegant-kalam.194-182-172-241.plesk.page\/index.php?rest_route=\/wp\/v2\/pages\/447\/revisions\/919"}],"wp:attachment":[{"href":"https:\/\/www.elegant-kalam.194-182-172-241.plesk.page\/index.php?rest_route=%2Fwp%2Fv2%2Fmedia&parent=447"}],"curies":[{"name":"wp","href":"https:\/\/api.w.org\/{rel}","templated":true}]}}